{"id":59799,"date":"2016-03-16T15:14:27","date_gmt":"2016-03-16T20:14:27","guid":{"rendered":"http:\/\/soyportal.mytompowelldesign.com\/?page_id=10"},"modified":"2024-12-03T08:57:54","modified_gmt":"2024-12-03T13:57:54","slug":"soybeans-for-processing","status":"publish","type":"page","link":"https:\/\/dev.soycanada.ca\/fr\/soybeans-for-processing\/","title":{"rendered":"Pour traitement"},"content":{"rendered":"<p><strong>Une offre en croissance, port\u00e9e par l&#039;innovation<\/strong><\/p>\n<p>De nouvelles vari\u00e9t\u00e9s \u00e0 cycle court incitent davantage d&#039;agriculteurs canadiens \u00e0 cultiver du soya de base pour la transformation, en plus du soya de qualit\u00e9 alimentaire de qualit\u00e9 sup\u00e9rieure pour lequel ils sont connus. Entre 2007 et 2021, la superficie canadienne consacr\u00e9e au soja de base a augment\u00e9 de 83%.<\/p>\n<p>Pour les importateurs, cette augmentation rapide de la production signifie que le Canada devient une source alternative fiable de soja de base pour la transformation en un large \u00e9ventail de produits, y compris les prot\u00e9ines, l&#039;huile v\u00e9g\u00e9tale, les aliments pour animaux, les biocarburants, les produits pharmaceutiques et une gamme croissante d&#039;utilisations industrielles.<\/p>\n<p><strong>Livraison fiable des produits<\/strong><\/p>\n<p>Les acheteurs peuvent \u00e9galement compter sur la technologie moderne du Canada\u00a0<a href=\"https:\/\/dev.soycanada.ca\/fr\/industry\/canadian-advantages\/\">Infrastructure<\/a>\u00a0pour d\u00e9placer de grands volumes de soja rapidement, efficacement et de mani\u00e8re coh\u00e9rente.<\/p>\n<p>En tant que grand pays producteur de c\u00e9r\u00e9ales, le Canada compte des centaines de silos \u00e0 haut d\u00e9bit et de terminaux int\u00e9rieurs. Ces installations sont reli\u00e9es par rail et par route \u00e0 des ports d&#039;exp\u00e9dition \u00e0 grande capacit\u00e9 sur la c\u00f4te ouest et dans l&#039;est du Canada.<\/p>\n<p>Les transformateurs d&#039;ol\u00e9agineux canadiens traitent plus de 1,8 million de tonnes de soja au cours d&#039;une ann\u00e9e moyenne. Les trois principales usines de transformation du soya sont situ\u00e9es en Ontario (Windsor et Hamilton) et au Qu\u00e9bec (B\u00e9cancour). Ensemble, ils ont la capacit\u00e9 de traiter environ 10 000 tonnes d&#039;ol\u00e9agineux par jour, y compris du soja et du canola.<\/p>\n<p>Des installations plus petites fournissent une extraction par pression \u00e0 froid \/ sans solvant dans des usines \u00e0 Winkler, au Manitoba, \u00e0 Beloeil, au Qu\u00e9bec et \u00e0 Winchester, en Ontario.<\/p>\n<p>Les entreprises c\u00e9r\u00e9ali\u00e8res et les exportateurs am\u00e9liorent et investissent continuellement dans ces services et sont pr\u00eats \u00e0 \u00e9tendre leur utilisation pour les clients mondiaux du soja.<\/p>\n<p><strong>Am\u00e9lioration continue<\/strong><\/p>\n<p>Le Canada prend un r\u00e9el engagement envers l&#039;expansion de la production de soya de base. En consultation avec des clients mondiaux, notre dynamique\u00a0<a href=\"https:\/\/dev.soycanada.ca\/fr\/industry\/seed-innovation\/\">secteur de la recherche v\u00e9g\u00e9tale<\/a>\u00a0d\u00e9veloppe des traits qui r\u00e9pondent aux exigences changeantes des produits et s&#039;appuient sur des avantages tels que les niveaux \u00e9lev\u00e9s de prot\u00e9ines encourag\u00e9s par des climats plus frais.<\/p>\n<h3>En savoir plus sur:<\/h3>\n<ul>\n<li><a href=\"\/fr\/connect\/\">Connecter : Invitez les fournisseurs \u00e0 vous contacter<\/a><\/li>\n<li><a href=\"https:\/\/dev.soycanada.ca\/fr\/about-us\/our-members\/\" target=\"_parent\" rel=\"noopener\">Parcourir le r\u00e9pertoire des membres<\/a><\/li>\n<li><a href=\"\/fr\/qualityfood-safety-management\/\">Gestion de la qualit\u00e9\/s\u00e9curit\u00e9 alimentaire<\/a><\/li>\n<li><a href=\"\/fr\/handling-and-transport\/\">Manutention et transport<\/a><\/li>\n<li><a href=\"https:\/\/copacanada.com\/\" target=\"_blank\" rel=\"noopener\">Association canadienne des transformateurs de graines ol\u00e9agineuses (COPA)<\/a><\/li>\n<\/ul>","protected":false},"excerpt":{"rendered":"Une offre croissante, port\u00e9e par l&#039;innovation. De nouvelles vari\u00e9t\u00e9s \u00e0 cycle court incitent davantage d&#039;agriculteurs canadiens \u00e0 cultiver du soja de base destin\u00e9 \u00e0 la transformation, en plus du soja alimentaire haut de gamme qui fait leur renomm\u00e9e. Entre 2007 et 2021, la superficie canadienne consacr\u00e9e au soja de base a augment\u00e9 de 831\u00a0TP3T. Pour les importateurs, cette hausse rapide de la production signifie que le Canada devient une source alternative fiable de soja de base\u2026","protected":false},"author":2,"featured_media":0,"parent":0,"menu_order":0,"comment_status":"closed","ping_status":"closed","template":"page-infopage.php","meta":{"_acf_changed":false,"footnotes":""},"class_list":["post-59799","page","type-page","status-publish","hentry"],"acf":[],"aioseo_notices":[],"_links":{"self":[{"href":"https:\/\/dev.soycanada.ca\/fr\/wp-json\/wp\/v2\/pages\/59799","targetHints":{"allow":["GET"]}}],"collection":[{"href":"https:\/\/dev.soycanada.ca\/fr\/wp-json\/wp\/v2\/pages"}],"about":[{"href":"https:\/\/dev.soycanada.ca\/fr\/wp-json\/wp\/v2\/types\/page"}],"author":[{"embeddable":true,"href":"https:\/\/dev.soycanada.ca\/fr\/wp-json\/wp\/v2\/users\/2"}],"replies":[{"embeddable":true,"href":"https:\/\/dev.soycanada.ca\/fr\/wp-json\/wp\/v2\/comments?post=59799"}],"version-history":[{"count":4,"href":"https:\/\/dev.soycanada.ca\/fr\/wp-json\/wp\/v2\/pages\/59799\/revisions"}],"predecessor-version":[{"id":62575,"href":"https:\/\/dev.soycanada.ca\/fr\/wp-json\/wp\/v2\/pages\/59799\/revisions\/62575"}],"wp:attachment":[{"href":"https:\/\/dev.soycanada.ca\/fr\/wp-json\/wp\/v2\/media?parent=59799"}],"curies":[{"name":"wp","href":"https:\/\/api.w.org\/{rel}","templated":true}]}}