{"id":59798,"date":"2016-03-16T15:14:17","date_gmt":"2016-03-16T20:14:17","guid":{"rendered":"http:\/\/soyportal.mytompowelldesign.com\/?page_id=8"},"modified":"2025-01-10T15:53:40","modified_gmt":"2025-01-10T20:53:40","slug":"food-grade-soybeans","status":"publish","type":"page","link":"https:\/\/dev.soycanada.ca\/fr\/food-grade-soybeans\/","title":{"rendered":"Qualit\u00e9 alimentaire"},"content":{"rendered":"<p><strong>Les bonnes conditions de culture pour une qualit\u00e9 constante<\/strong><\/p>\n<p>La plupart des graines de soja canadiennes de qualit\u00e9 alimentaire sont cultiv\u00e9es dans les sols fertiles de l&#039;Ontario et du Qu\u00e9bec, entre le bassin des Grands Lacs et du fleuve Saint-Laurent. Le climat est temp\u00e9r\u00e9 par le plus grand syst\u00e8me d&#039;eau douce au monde, fournissant des temp\u00e9ratures et des pr\u00e9cipitations uniformes qui sont essentielles pour une constance ann\u00e9e apr\u00e8s ann\u00e9e et pour des rendements de soja \u00e9lev\u00e9s et fiables.<\/p>\n<p>La composition du soja cultiv\u00e9 en Ontario est surveill\u00e9e au moyen d&#039;essais annuels de vari\u00e9t\u00e9s dans diff\u00e9rentes r\u00e9gions de culture. Des tests suppl\u00e9mentaires effectu\u00e9s par Agriculture et Agroalimentaire Canada mesurent des attributs importants tels que les isoflavones, le saccharose, les oligosaccharides, les sucres totaux et les glucides fermentescibles totaux.<\/p>\n<p>Pour plus d&#039;informations, visitez le <a href=\"\/fr\/food-grade-soybeans\/database\/\">Recherche de vari\u00e9t\u00e9s de qualit\u00e9 alimentaire<\/a>, une liste compl\u00e8te en ligne d&#039;informations quantitatives sur les vari\u00e9t\u00e9s cultiv\u00e9es sp\u00e9cifiquement pour l&#039;industrie alimentaire \u00e0 base de soja.<\/p>\n<p><strong>Le syst\u00e8me de gestion de la qualit\u00e9 le plus int\u00e9gr\u00e9 au monde<\/strong><\/p>\n<p>Toutes les graines de soja canadiennes de qualit\u00e9 alimentaire doivent respecter des tol\u00e9rances strictes en mati\u00e8re de solidit\u00e9, de propret\u00e9, d&#039;uniformit\u00e9 de taille, de couleur, de poids sp\u00e9cifique et d&#039;une longue liste d&#039;autres crit\u00e8res.<\/p>\n<p>Pour une garantie de qualit\u00e9 encore plus \u00e9lev\u00e9e, les acheteurs peuvent sous-traiter la production et la livraison de soja par l&#039;interm\u00e9diaire du\u00a0<a href=\"https:\/\/dev.soycanada.ca\/fr\/industry\/identity-preservation\/\">Syst\u00e8me canadien de reconnaissance de la pr\u00e9servation de l&#039;identit\u00e9<\/a>\u00a0(CIPRS). Ce syst\u00e8me enti\u00e8rement int\u00e9gr\u00e9 garantit aux clients qu&#039;ils recevront du soja cultiv\u00e9 selon leurs sp\u00e9cifications et que les meilleures pratiques seront suivies \u00e0 chaque \u00e9tape de la production, de la transformation, de la manutention et du transport.<\/p>\n<p>Apr\u00e8s plus de 30 ans, ce syst\u00e8me a un bilan in\u00e9gal\u00e9 pour livrer le bon produit au bon client. L&#039;industrie canadienne croit que les aliments \u00e0 base de soja ont des exigences de qualit\u00e9 sp\u00e9cifiques et ciblables, et qu&#039;en concentrant chaque \u00e9tape de notre syst\u00e8me de production sur la satisfaction de ces besoins, nous pouvons fournir un soja vraiment meilleur.<\/p>\n<p><strong>R\u00e9pondre aux besoins changeants des transformateurs d&#039;aliments \u00e0 base de soja<\/strong><\/p>\n<p>Le Canada offre une expertise de classe mondiale dans la composition du soja et son impact sur l&#039;utilisation et la qualit\u00e9 des produits. Nos connaissances aident les transformateurs d&#039;aliments \u00e0 base de soja \u00e0 garder une longueur d&#039;avance sur leurs concurrents, tout comme elles permettent au Canada de garder une longueur d&#039;avance sur les autres fournisseurs de soja.<\/p>\n<p>La haute qualit\u00e9 commence au stade de la s\u00e9lection et du d\u00e9veloppement. Aujourd&#039;hui, plus de 50 vari\u00e9t\u00e9s de qualit\u00e9 alimentaire sont cultiv\u00e9es au Canada, et d&#039;autres sont activement d\u00e9velopp\u00e9es et commercialis\u00e9es par\u00a0<a href=\"https:\/\/dev.soycanada.ca\/fr\/industry\/seed-innovation\/\">programmes d&#039;\u00e9levage publics et priv\u00e9s<\/a>. Les recherches men\u00e9es par les universit\u00e9s, le gouvernement et les entreprises priv\u00e9es tiennent compte des caract\u00e9ristiques de transformation requises par les clients internationaux, ainsi que des besoins agronomiques des producteurs de soja du Canada.<\/p>\n<p><strong>Syst\u00e8me d&#039;ascenseur \u00e0 la pointe de la technologie<\/strong><\/p>\n<p>Le vaste r\u00e9seau d&#039;\u00e9l\u00e9vateurs \u00e0 grains du Canada joue un r\u00f4le important dans la livraison de soya de qualit\u00e9 alimentaire. De nombreux \u00e9l\u00e9vateurs sont \u00e9quip\u00e9s de s\u00e9parateurs \u00e0 rouleaux Harada modernes et d&#039;un \u00e9quipement de tri optique, en plus de leurs excellentes lignes de traitement de nettoyeurs, de trieurs par gravit\u00e9, d&#039;\u00e9pierreuses et de polisseuses. Cet \u00e9quipement garantit que le soja quitte l&#039;\u00e9l\u00e9vateur selon la norme de qualit\u00e9 sp\u00e9cifique \u00e0 laquelle le client s&#039;attend.<\/p>\n<p><strong>Meilleure garantie de s\u00e9curit\u00e9 alimentaire<\/strong><\/p>\n<p><a href=\"https:\/\/www.grainscanada.gc.ca\/\">La Commission canadienne des grains<\/a>\u00a0(CGC) surveille toutes les graines de soja de qualit\u00e9 alimentaire pour les traces organiques (r\u00e9sidus de pesticides, mycotoxines), les oligo-\u00e9l\u00e9ments (y compris les m\u00e9taux lourds) et la microbiologie (mycologie et bact\u00e9ries). La technologie de pointe utilis\u00e9e par la CCG r\u00e9pond aux exigences d&#039;exactitude et de pr\u00e9cision pour les niveaux ultra-traces de pesticides \u00e9tablies par les pays importateurs et les organisations internationales telles que le CODEX.<\/p>\n<p>De nombreuses entreprises exportatrices canadiennes font leur propre diligence raisonnable en faisant analyser des \u00e9chantillons dans des laboratoires tiers ind\u00e9pendants. Cela fournit une assurance suppl\u00e9mentaire que les r\u00e9sultats sont inf\u00e9rieurs aux LMR canadiennes et internationales.<\/p>\n<h3>En savoir plus sur:<\/h3>\n<ul>\n<li style=\"list-style-type: none;\">\n<ul>\n<li><a href=\"\/fr\/connect\/\">Connecter : Invitez les fournisseurs \u00e0 vous contacter<\/a><\/li>\n<li><a href=\"https:\/\/dev.soycanada.ca\/fr\/about-us\/our-members\/\" target=\"_parent\" rel=\"noopener\">Parcourir le r\u00e9pertoire des membres<\/a><\/li>\n<li><a href=\"https:\/\/dev.soycanada.ca\/fr\/industry\/identity-preservation\/\" target=\"_parent\" rel=\"noopener\">Syst\u00e8me canadien de reconnaissance de la pr\u00e9servation de l&#039;identit\u00e9<\/a><\/li>\n<li><a href=\"\/fr\/qualityfood-safety-management\/\">Gestion de la qualit\u00e9\/s\u00e9curit\u00e9 alimentaire<\/a><\/li>\n<li><a href=\"\/fr\/handling-and-transport\/\">Manutention et transport<\/a><\/li>\n<\/ul>\n<\/li>\n<\/ul>\n<p><!--\n \t\n\n<li><a href=\"https:\/\/www.grainscanada.gc.ca\/soybeans-soja\/hqftsom-mqrsoa-eng.htm\" target=\"_blank\" rel=\"noopener\">Harvest and Export Quality Report<\/a><\/li>\n\n\n--><\/p>","protected":false},"excerpt":{"rendered":"The right growing conditions for consistent quality Most Canadian food-grade soybeans are grown in the fertile soils of Ontario and Quebec between the Great Lakes and St. Lawrence River basin. The climate is moderated by the world\u2019s largest fresh water system, providing the uniform temperatures and rainfall that are essential for year-in, year-out consistency and for dependably high soybean yields.&hellip;","protected":false},"author":2,"featured_media":0,"parent":0,"menu_order":0,"comment_status":"closed","ping_status":"closed","template":"page-soydb.php","meta":{"_acf_changed":false,"footnotes":""},"class_list":["post-59798","page","type-page","status-publish","hentry"],"acf":[],"aioseo_notices":[],"_links":{"self":[{"href":"https:\/\/dev.soycanada.ca\/fr\/wp-json\/wp\/v2\/pages\/59798","targetHints":{"allow":["GET"]}}],"collection":[{"href":"https:\/\/dev.soycanada.ca\/fr\/wp-json\/wp\/v2\/pages"}],"about":[{"href":"https:\/\/dev.soycanada.ca\/fr\/wp-json\/wp\/v2\/types\/page"}],"author":[{"embeddable":true,"href":"https:\/\/dev.soycanada.ca\/fr\/wp-json\/wp\/v2\/users\/2"}],"replies":[{"embeddable":true,"href":"https:\/\/dev.soycanada.ca\/fr\/wp-json\/wp\/v2\/comments?post=59798"}],"version-history":[{"count":10,"href":"https:\/\/dev.soycanada.ca\/fr\/wp-json\/wp\/v2\/pages\/59798\/revisions"}],"predecessor-version":[{"id":62642,"href":"https:\/\/dev.soycanada.ca\/fr\/wp-json\/wp\/v2\/pages\/59798\/revisions\/62642"}],"wp:attachment":[{"href":"https:\/\/dev.soycanada.ca\/fr\/wp-json\/wp\/v2\/media?parent=59798"}],"curies":[{"name":"wp","href":"https:\/\/api.w.org\/{rel}","templated":true}]}}