{"id":149,"date":"2015-06-08T21:39:48","date_gmt":"2015-06-08T21:39:48","guid":{"rendered":"https:\/\/dev.soycanada.ca\/?page_id=149"},"modified":"2024-09-09T10:23:12","modified_gmt":"2024-09-09T14:23:12","slug":"board","status":"publish","type":"page","link":"https:\/\/dev.soycanada.ca\/fr\/about-us\/board\/","title":{"rendered":"Conseil d'administration"},"content":{"rendered":"<p><a href=\"https:\/\/dev.soycanada.ca\/wp-content\/uploads\/2023\/07\/Board-Photo-March-2023-scaled.jpg\"><img fetchpriority=\"high\" decoding=\"async\" width=\"2560\" height=\"1920\" class=\"aligncenter size-full wp-image-59897\" src=\"https:\/\/dev.soycanada.ca\/wp-content\/uploads\/2023\/07\/Board-Photo-March-2023-scaled.jpg\" alt=\"\" srcset=\"https:\/\/dev.soycanada.ca\/wp-content\/uploads\/2023\/07\/Board-Photo-March-2023-scaled.jpg 2560w, https:\/\/dev.soycanada.ca\/wp-content\/uploads\/2023\/07\/Board-Photo-March-2023-250x188.jpg 250w, https:\/\/dev.soycanada.ca\/wp-content\/uploads\/2023\/07\/Board-Photo-March-2023-700x525.jpg 700w, https:\/\/dev.soycanada.ca\/wp-content\/uploads\/2023\/07\/Board-Photo-March-2023-768x576.jpg 768w, https:\/\/dev.soycanada.ca\/wp-content\/uploads\/2023\/07\/Board-Photo-March-2023-1536x1152.jpg 1536w, https:\/\/dev.soycanada.ca\/wp-content\/uploads\/2023\/07\/Board-Photo-March-2023-2048x1536.jpg 2048w, https:\/\/dev.soycanada.ca\/wp-content\/uploads\/2023\/07\/Board-Photo-March-2023-16x12.jpg 16w, https:\/\/dev.soycanada.ca\/wp-content\/uploads\/2023\/07\/Board-Photo-March-2023-900x675.jpg 900w, https:\/\/dev.soycanada.ca\/wp-content\/uploads\/2023\/07\/Board-Photo-March-2023-120x90.jpg 120w\" sizes=\"(max-width: 2560px) 100vw, 2560px\" \/><\/a><\/p>\n<p><em>De gauche \u00e0 droite : Ernie Sirski, Jeff Loessin, Ramzy Yelda, Jason McNaughton, Winston van Staveren, Michelle Wall, Crosby Devitt, Scott Persall, Mark Jorgensen,\u00a0 \u00a0\u00a0<\/em><br \/>\n<em>Absents : Melvin Rattai, Jeff Stonehouse, Andrea Faubert, Dale Heide<\/em><\/p>\n<ul>\n<li><strong>Pr\u00e9sident<\/strong> \u2013 Jason McNaughton (repr\u00e9sentant les exportateurs de produits alimentaires)<\/li>\n<li><strong>Vice-pr\u00e9sident<\/strong> \u2013 Melvin Rattai, Manitoba Pulse &amp; Soybean Growers (directeur g\u00e9n\u00e9ral)<\/li>\n<li><strong>Tr\u00e9sorier-Secr\u00e9taire<\/strong> \u2013 Michelle Wall (directrice g\u00e9n\u00e9rale)<\/li>\n<li>Andrea Faubert (repr\u00e9sentant les entreprises semenci\u00e8res)<\/li>\n<li>Crosby Devitt, Grain Farmers of Ontario (administrateur g\u00e9n\u00e9ral)<\/li>\n<li>Dale Heide (repr\u00e9sentant les transformateurs)<\/li>\n<li>Ernie Sirski, Producteurs de l\u00e9gumineuses et de soja du Manitoba<\/li>\n<li>Garth Baxter (Directeur g\u00e9n\u00e9ral)<\/li>\n<li>Jeff Barlow, Producteurs de c\u00e9r\u00e9ales de l&#039;Ontario<\/li>\n<li>Jeff Stonehouse (repr\u00e9sentant les exportateurs de mati\u00e8res premi\u00e8res)<\/li>\n<li>Ramzy Yelda, Producteurs de grains du Qu\u00e9bec<\/li>\n<li>Winston van Staveren, producteurs de l\u00e9gumineuses de la Saskatchewan<\/li>\n<\/ul>","protected":false},"excerpt":{"rendered":"De gauche \u00e0 droite : Ernie Sirski, Jeff Loessin, Ramzy Yelda, Jason McNaughton, Winston van Staveren, Michelle Wall, Crosby Devitt, Scott Persall, Mark Jorgensen. Absents : Melvin Rattai, Jeff Stonehouse, Andrea Faubert, Dale Heide. Pr\u00e9sident : Jason McNaughton (repr\u00e9sentant les exportateurs de produits alimentaires). Vice-pr\u00e9sident : Melvin Rattai, Manitoba Pulse &amp; Soybean Growers (administrateur g\u00e9n\u00e9ral). Tr\u00e9sori\u00e8re-secr\u00e9taire : Michelle Wall (administratrice g\u00e9n\u00e9rale). Andrea\u2026","protected":false},"author":2,"featured_media":0,"parent":5,"menu_order":0,"comment_status":"closed","ping_status":"closed","template":"page-about.php","meta":{"_acf_changed":false,"footnotes":""},"class_list":["post-149","page","type-page","status-publish","hentry"],"acf":[],"aioseo_notices":[],"_links":{"self":[{"href":"https:\/\/dev.soycanada.ca\/fr\/wp-json\/wp\/v2\/pages\/149","targetHints":{"allow":["GET"]}}],"collection":[{"href":"https:\/\/dev.soycanada.ca\/fr\/wp-json\/wp\/v2\/pages"}],"about":[{"href":"https:\/\/dev.soycanada.ca\/fr\/wp-json\/wp\/v2\/types\/page"}],"author":[{"embeddable":true,"href":"https:\/\/dev.soycanada.ca\/fr\/wp-json\/wp\/v2\/users\/2"}],"replies":[{"embeddable":true,"href":"https:\/\/dev.soycanada.ca\/fr\/wp-json\/wp\/v2\/comments?post=149"}],"version-history":[{"count":0,"href":"https:\/\/dev.soycanada.ca\/fr\/wp-json\/wp\/v2\/pages\/149\/revisions"}],"up":[{"embeddable":true,"href":"https:\/\/dev.soycanada.ca\/fr\/wp-json\/wp\/v2\/pages\/5"}],"wp:attachment":[{"href":"https:\/\/dev.soycanada.ca\/fr\/wp-json\/wp\/v2\/media?parent=149"}],"curies":[{"name":"wp","href":"https:\/\/api.w.org\/{rel}","templated":true}]}}