{"id":139,"date":"2015-06-08T21:24:50","date_gmt":"2015-06-08T21:24:50","guid":{"rendered":"https:\/\/dev.soycanada.ca\/?page_id=139"},"modified":"2023-08-25T15:25:21","modified_gmt":"2023-08-25T19:25:21","slug":"what-we-do","status":"publish","type":"page","link":"https:\/\/dev.soycanada.ca\/fr\/about-us\/what-we-do\/","title":{"rendered":"Ce que nous faisons"},"content":{"rendered":"<p><strong>Repr\u00e9senter chaque partie de la cha\u00eene d&#039;approvisionnement du soja<\/strong><img fetchpriority=\"high\" decoding=\"async\" class=\"alignright wp-image-750\" src=\"https:\/\/dev.soycanada.ca\/wp-content\/uploads\/2015\/06\/what-we-do-1.png\" alt=\"what-we-do-1\" width=\"380\" height=\"412\" srcset=\"https:\/\/dev.soycanada.ca\/wp-content\/uploads\/2015\/06\/what-we-do-1.png 493w, https:\/\/dev.soycanada.ca\/wp-content\/uploads\/2015\/06\/what-we-do-1-250x271.png 250w, https:\/\/dev.soycanada.ca\/wp-content\/uploads\/2015\/06\/what-we-do-1-120x130.png 120w\" sizes=\"(max-width: 380px) 100vw, 380px\" \/><\/p>\n<p>Soy Canada est une association nationale repr\u00e9sentant tous les groupes impliqu\u00e9s dans le d\u00e9veloppement, la production, la manutention, la transformation et le transport du soja canadien.<\/p>\n<p>Nous avons \u00e9t\u00e9 form\u00e9s en 2014 par les membres de deux organisations pr\u00e9c\u00e9dentes\u00a0: le Conseil canadien du soya, qui repr\u00e9sentait les producteurs de soya, et l&#039;Association canadienne des exportateurs de soya (CSEA), qui se concentrait sur l&#039;expansion des march\u00e9s et l&#039;am\u00e9lioration de la qualit\u00e9 du soya canadien. L&#039;ajout de soci\u00e9t\u00e9s semenci\u00e8res, d&#039;exportateurs de produits de base, de transformateurs et d&#039;autres participants de l&#039;industrie a cr\u00e9\u00e9 une organisation compl\u00e8te de la cha\u00eene de valeur.<\/p>\n<p>En unissant nos forces, nous avons \u00e9tabli une voix forte et claire pour l&#039;industrie canadienne du soya, avec les moyens de travailler ensemble de mani\u00e8re efficace et efficiente alors que nous capitalisons sur notre potentiel.<\/p>\n<p><strong>Un mandat clair et complet<\/strong><\/p>\n<p>La production canadienne de soya a consid\u00e9rablement augment\u00e9 au cours des derni\u00e8res ann\u00e9es et est pr\u00eate \u00e0 poursuivre sa croissance. Cependant, l&#039;industrie fait face \u00e0 des d\u00e9fis tant au niveau national qu&#039;international.<\/p>\n<p>Sur les march\u00e9s d&#039;exportation, l&#039;industrie doit surmonter les dispositions d&#039;acc\u00e8s minimum, la lenteur des approbations r\u00e9glementaires et d&#039;autres obstacles au commerce. De plus, nous sommes en concurrence pour des parts de march\u00e9 avec des pays disposant d&#039;\u00e9normes budgets promotionnels.<\/p>\n<p>Au Canada, il est n\u00e9cessaire d&#039;augmenter la capacit\u00e9 de transformation pour suivre le rythme de l&#039;augmentation rapide de la production. Nous devons \u00e9galement tirer le meilleur parti des fonds consacr\u00e9s \u00e0 la recherche et veiller \u00e0 ce que les d\u00e9cideurs et le public soient conscients de l&#039;\u00e9norme potentiel de cette industrie en pleine croissance.<\/p>\n<p>Soy Canada s&#039;engage \u00e0 surmonter ces d\u00e9fis par le biais de quatre axes strat\u00e9giques :<\/p>\n<p><a href=\"https:\/\/dev.soycanada.ca\/wp-content\/uploads\/2023\/08\/Soy-Canada-Mandate-2023.png\"><img decoding=\"async\" width=\"1166\" height=\"557\" class=\"aligncenter size-full wp-image-60010\" src=\"https:\/\/dev.soycanada.ca\/wp-content\/uploads\/2023\/08\/Soy-Canada-Mandate-2023.png\" alt=\"\" srcset=\"https:\/\/dev.soycanada.ca\/wp-content\/uploads\/2023\/08\/Soy-Canada-Mandate-2023.png 1166w, https:\/\/dev.soycanada.ca\/wp-content\/uploads\/2023\/08\/Soy-Canada-Mandate-2023-250x119.png 250w, https:\/\/dev.soycanada.ca\/wp-content\/uploads\/2023\/08\/Soy-Canada-Mandate-2023-700x334.png 700w, https:\/\/dev.soycanada.ca\/wp-content\/uploads\/2023\/08\/Soy-Canada-Mandate-2023-768x367.png 768w, https:\/\/dev.soycanada.ca\/wp-content\/uploads\/2023\/08\/Soy-Canada-Mandate-2023-18x9.png 18w, https:\/\/dev.soycanada.ca\/wp-content\/uploads\/2023\/08\/Soy-Canada-Mandate-2023-900x430.png 900w, https:\/\/dev.soycanada.ca\/wp-content\/uploads\/2023\/08\/Soy-Canada-Mandate-2023-120x57.png 120w\" sizes=\"(max-width: 1166px) 100vw, 1166px\" \/><\/a><\/p>\n<p><strong>Plus \u00e0 l&#039;\u00e9coute des clients<\/strong><\/p>\n<p>En plus de profiter \u00e0 nos membres, ce nouveau partenariat cr\u00e9e de nombreux avantages pour les acheteurs de soya canadien. Nous travaillons en \u00e9troite collaboration avec des clients mondiaux pour comprendre leurs besoins, et nous communiquons ces attentes \u00e0 tous les groupes impliqu\u00e9s dans l&#039;approvisionnement en soja canadien, des chercheurs aux exportateurs.<\/p>\n<p>Gr\u00e2ce \u00e0 Soy Canada, les importateurs peuvent compter sur :<\/p>\n<ul>\n<li>Strat\u00e9gies sectorielles coordonn\u00e9es pour am\u00e9liorer la valeur et la comp\u00e9titivit\u00e9<\/li>\n<li>Une approche d&#039;\u00e9quipe pour la recherche, le d\u00e9veloppement de vari\u00e9t\u00e9s et les am\u00e9liorations de la manipulation, guid\u00e9e par les besoins des clients<\/li>\n<li>Transfert plus rapide des nouveaux r\u00e9sultats de recherche sur le terrain<\/li>\n<li>Un point de contact unique pour atteindre l&#039;ensemble de la fili\u00e8re nationale<\/li>\n<\/ul>","protected":false},"excerpt":{"rendered":"Repr\u00e9sentation de tous les maillons de la cha\u00eene d&#039;approvisionnement du soya Soy Canada est une association nationale qui repr\u00e9sente tous les groupes impliqu\u00e9s dans le d\u00e9veloppement, la production, la manutention, la transformation et le transport du soya canadien. Nous avons \u00e9t\u00e9 form\u00e9s en 2014 par les membres de deux organisations pr\u00e9c\u00e9dentes : le Conseil canadien du soya, qui repr\u00e9sentait les producteurs de soya, et l&#039;Association canadienne des exportateurs de soya (CSEA), qui se concentrait sur\u2026","protected":false},"author":2,"featured_media":0,"parent":5,"menu_order":0,"comment_status":"closed","ping_status":"closed","template":"page-about.php","meta":{"_acf_changed":false,"footnotes":""},"class_list":["post-139","page","type-page","status-publish","hentry"],"acf":[],"aioseo_notices":[],"_links":{"self":[{"href":"https:\/\/dev.soycanada.ca\/fr\/wp-json\/wp\/v2\/pages\/139","targetHints":{"allow":["GET"]}}],"collection":[{"href":"https:\/\/dev.soycanada.ca\/fr\/wp-json\/wp\/v2\/pages"}],"about":[{"href":"https:\/\/dev.soycanada.ca\/fr\/wp-json\/wp\/v2\/types\/page"}],"author":[{"embeddable":true,"href":"https:\/\/dev.soycanada.ca\/fr\/wp-json\/wp\/v2\/users\/2"}],"replies":[{"embeddable":true,"href":"https:\/\/dev.soycanada.ca\/fr\/wp-json\/wp\/v2\/comments?post=139"}],"version-history":[{"count":0,"href":"https:\/\/dev.soycanada.ca\/fr\/wp-json\/wp\/v2\/pages\/139\/revisions"}],"up":[{"embeddable":true,"href":"https:\/\/dev.soycanada.ca\/fr\/wp-json\/wp\/v2\/pages\/5"}],"wp:attachment":[{"href":"https:\/\/dev.soycanada.ca\/fr\/wp-json\/wp\/v2\/media?parent=139"}],"curies":[{"name":"wp","href":"https:\/\/api.w.org\/{rel}","templated":true}]}}