{"id":103,"date":"2016-03-28T14:24:06","date_gmt":"2016-03-28T18:24:06","guid":{"rendered":"http:\/\/soyportal.mytompowelldesign.com\/?page_id=103"},"modified":"2023-06-27T08:41:44","modified_gmt":"2023-06-27T12:41:44","slug":"qualityfood-safety-management","status":"publish","type":"page","link":"https:\/\/dev.soycanada.ca\/fr\/qualityfood-safety-management\/","title":{"rendered":"Qualit\u00e9\/s\u00e9curit\u00e9 alimentaire"},"content":{"rendered":"<p>La s\u00e9curit\u00e9 et l&#039;int\u00e9grit\u00e9 du syst\u00e8me de production alimentaire du Canada sont reconnues dans le monde entier, en partie parce que notre syst\u00e8me d&#039;assurance est mandat\u00e9 par le gouvernement et a une port\u00e9e nationale. Tous les soyas canadiens de qualit\u00e9 alimentaire doivent respecter des tol\u00e9rances strictes en mati\u00e8re de salubrit\u00e9, de propret\u00e9, d&#039;uniformit\u00e9 de calibre, de couleur, de poids sp\u00e9cifique et d&#039;une longue liste d&#039;autres crit\u00e8res.<\/p>\n<p>La plupart des entreprises exportatrices canadiennes suivent les principes du HACCP et font leur propre diligence raisonnable en faisant analyser des \u00e9chantillons dans des laboratoires tiers ind\u00e9pendants. Cela fournit une assurance suppl\u00e9mentaire que les produits sont conformes aux normes canadiennes et internationales.<\/p>\n<h3>Commission canadienne des grains<\/h3>\n<p><strong>Autorit\u00e9 officielle de certification des grains du Canada<\/strong><\/p>\n<p>Le mandat de la Commission canadienne des grains (CCG), tel qu&#039;\u00e9nonc\u00e9 dans la l\u00e9gislation f\u00e9d\u00e9rale, est d&#039;\u00e9tablir des normes de qualit\u00e9 du grain et de r\u00e9glementer la manutention du grain au Canada, le tout dans le but d&#039;assurer un produit fiable \u00e0 nos clients.<\/p>\n<p>La CCG surveille la s\u00e9curit\u00e9, la qualit\u00e9 et la quantit\u00e9 en classant et en inspectant toutes les exp\u00e9ditions de vraquiers. Des \u00e9chantillons de toutes les graines de soja de qualit\u00e9 alimentaire export\u00e9es du Canada sont analys\u00e9s pour les traces organiques (r\u00e9sidus de pesticides et mycotoxines), les \u00e9l\u00e9ments traces (y compris les m\u00e9taux lourds) et la microbiologie (mycologie et bact\u00e9ries). La technologie de pointe utilis\u00e9e par la CCG r\u00e9pond aux exigences d&#039;exactitude et de pr\u00e9cision pour les niveaux ultra-traces de pesticides \u00e9tablies par les pays importateurs et les organisations internationales telles que le CODEX.<\/p>\n<p>En savoir plus sur <a href=\"https:\/\/www.grainscanada.gc.ca\/oilseeds-oleagineux\/method-methode\/omtm-mmao-eng.htm\">M\u00e9thodes et tests CGC pour mesurer la qualit\u00e9 des graines ol\u00e9agineuses<\/a>.<\/p>\n<h3>Soja \u00e0 identit\u00e9 pr\u00e9serv\u00e9e<strong><br \/>\n<\/strong><\/h3>\n<p><strong>Le syst\u00e8me de gestion de la qualit\u00e9 le plus int\u00e9gr\u00e9 au monde<\/strong><\/p>\n<p>Pour une garantie de qualit\u00e9 encore plus \u00e9lev\u00e9e, les acheteurs peuvent sous-traiter la production et la livraison de soja par l&#039;interm\u00e9diaire du Syst\u00e8me canadien de reconnaissance de l&#039;identit\u00e9 pr\u00e9serv\u00e9e (SCRIP), qui est supervis\u00e9 par la CCG. Le syst\u00e8me enti\u00e8rement int\u00e9gr\u00e9 du Canada a une feuille de route in\u00e9gal\u00e9e pour livrer le bon produit au bon client. Il garantit que le soja est cultiv\u00e9 selon les sp\u00e9cifications du client et que les meilleures pratiques sont suivies \u00e0 chaque \u00e9tape de la production, de la transformation, de la manutention et du transport.<\/p>\n<p>En savoir plus sur le <a href=\"https:\/\/dev.soycanada.ca\/fr\/industry\/identity-preservation\/\">Syst\u00e8me canadien de reconnaissance de la pr\u00e9servation de l&#039;identit\u00e9<\/a>.<\/p>\n<h3>HACCP et HACCP+CIPRS<\/h3>\n<p>CGC m\u00e8ne \u00e9galement des programmes d&#039;assurance de la qualit\u00e9 et de pr\u00e9vention de la salubrit\u00e9 des grains bas\u00e9s sur les principes du Codex internationalement reconnus du HACCP (Hazard Analysis Critical Control Point).<\/p>\n<p>Un programme, appel\u00e9 CIPRS + HACCP, est con\u00e7u pour les entreprises qui exploitent des programmes d&#039;identit\u00e9 pr\u00e9serv\u00e9e. Un autre programme, appel\u00e9 CGC HACCP, s&#039;adresse aux soci\u00e9t\u00e9s c\u00e9r\u00e9ali\u00e8res qui n&#039;appliquent pas de programmes IP. Les deux programmes sont volontaires et pr\u00e9voient des audits par des tiers et une certification CGC.<\/p>\n<p>En savoir plus sur <a href=\"https:\/\/www.grainscanada.gc.ca\/pva-vpa\/haccp-armpc-eng.htm\">CGC HACCP<\/a> et <a href=\"https:\/\/www.grainscanada.gc.ca\/pva-vpa\/ciprs+haccp-scrs+haccp-eng.htm\">CPRSI+HACCP<\/a>.<\/p>\n<h3>Le r\u00e9seau d&#039;\u00e9l\u00e9vateurs \u00e0 grains du Canada <strong><br \/>\n<\/strong><\/h3>\n<p><strong>Un maillon important dans la livraison de la qualit\u00e9<\/strong><\/p>\n<p>Les r\u00e9gions de culture du soya sont desservies par des centaines d&#039;\u00e9l\u00e9vateurs \u00e0 haut d\u00e9bit, et bon nombre d&#039;entre eux peuvent s\u00e9parer des vari\u00e9t\u00e9s sp\u00e9cifiques et des caract\u00e9ristiques sp\u00e9cialis\u00e9es pour les acheteurs \u00e0 l&#039;aide du Syst\u00e8me canadien de reconnaissance de l&#039;identit\u00e9 pr\u00e9serv\u00e9e. De nombreux \u00e9l\u00e9vateurs sont \u00e9quip\u00e9s de s\u00e9parateurs \u00e0 rouleaux Harada modernes et d&#039;un \u00e9quipement de tri optique, en plus de leurs excellentes lignes de traitement de nettoyeurs, de trieurs par gravit\u00e9, d&#039;\u00e9pierreuses et de polisseuses. Cet \u00e9quipement garantit que le soja quitte l&#039;\u00e9l\u00e9vateur selon la norme de qualit\u00e9 sp\u00e9cifique \u00e0 laquelle le client s&#039;attend.<\/p>","protected":false},"excerpt":{"rendered":"La salubrit\u00e9 et l&#039;int\u00e9grit\u00e9 du syst\u00e8me de production alimentaire canadien sont reconnues dans le monde entier, notamment gr\u00e2ce \u00e0 notre syst\u00e8me d&#039;assurance qualit\u00e9, mandat\u00e9 par le gouvernement et d&#039;envergure nationale. Tous les sojas canadiens de qualit\u00e9 alimentaire doivent respecter des tol\u00e9rances strictes en mati\u00e8re de salubrit\u00e9, de propret\u00e9, d&#039;uniformit\u00e9 de calibre, de couleur, de poids sp\u00e9cifique et de nombreux autres crit\u00e8res. La plupart des entreprises exportatrices canadiennes adh\u00e8rent aux principes HACCP et\u2026","protected":false},"author":2,"featured_media":0,"parent":0,"menu_order":0,"comment_status":"closed","ping_status":"closed","template":"page-buycanadian-default.php","meta":{"_acf_changed":false,"footnotes":""},"class_list":["post-103","page","type-page","status-publish","hentry"],"acf":[],"aioseo_notices":[],"_links":{"self":[{"href":"https:\/\/dev.soycanada.ca\/fr\/wp-json\/wp\/v2\/pages\/103","targetHints":{"allow":["GET"]}}],"collection":[{"href":"https:\/\/dev.soycanada.ca\/fr\/wp-json\/wp\/v2\/pages"}],"about":[{"href":"https:\/\/dev.soycanada.ca\/fr\/wp-json\/wp\/v2\/types\/page"}],"author":[{"embeddable":true,"href":"https:\/\/dev.soycanada.ca\/fr\/wp-json\/wp\/v2\/users\/2"}],"replies":[{"embeddable":true,"href":"https:\/\/dev.soycanada.ca\/fr\/wp-json\/wp\/v2\/comments?post=103"}],"version-history":[{"count":0,"href":"https:\/\/dev.soycanada.ca\/fr\/wp-json\/wp\/v2\/pages\/103\/revisions"}],"wp:attachment":[{"href":"https:\/\/dev.soycanada.ca\/fr\/wp-json\/wp\/v2\/media?parent=103"}],"curies":[{"name":"wp","href":"https:\/\/api.w.org\/{rel}","templated":true}]}}